{"id":8088,"date":"2018-12-10T04:55:29","date_gmt":"2018-12-10T04:55:29","guid":{"rendered":"http:\/\/travelhotel.wpengine.com\/?page_id=8088"},"modified":"2026-03-15T09:01:17","modified_gmt":"2026-03-15T02:01:17","slug":"contacto","status":"publish","type":"page","link":"https:\/\/elnortedetailandia.com\/?page_id=8088","title":{"rendered":"Contacto"},"content":{"rendered":"\t\t<div data-elementor-type=\"wp-page\" data-elementor-id=\"8088\" class=\"elementor elementor-8088\" data-elementor-post-type=\"page\">\n\t\t\t\t<div class=\"elementor-element elementor-element-29afbf4 st-contact--solo e-flex e-con-boxed e-con e-parent\" data-id=\"29afbf4\" data-element_type=\"container\" data-e-type=\"container\">\n\t\t\t\t\t<div class=\"e-con-inner\">\n\t\t<div class=\"elementor-element elementor-element-289a0d45 e-con-full e-flex e-con e-child\" data-id=\"289a0d45\" data-element_type=\"container\" data-e-type=\"container\">\n\t\t\t\t<div class=\"elementor-element elementor-element-5b8a5c3a elementor-widget__width-initial elementor-widget elementor-widget-text-editor\" data-id=\"5b8a5c3a\" data-element_type=\"widget\" data-e-type=\"widget\" data-widget_type=\"text-editor.default\">\n\t\t\t\t<div class=\"elementor-widget-container\">\n\t\t\t\t\t\t\t\t\t<p>**Si tienes alguna consulta o deseas m\u00e1s informaci\u00f3n sobre cualquiera de nuestros tours, utiliza el formulario de contacto a continuaci\u00f3n. \u00a1Te responderemos en un plazo de 24 horas! \ud83c\udf34<\/p>\t\t\t\t\t\t\t\t<\/div>\n\t\t\t\t<\/div>\n\t\t\t\t<div class=\"elementor-element elementor-element-31a8f055 elementor-widget__width-initial elementor-widget elementor-widget-text-editor\" data-id=\"31a8f055\" data-element_type=\"widget\" data-e-type=\"widget\" data-widget_type=\"text-editor.default\">\n\t\t\t\t<div class=\"elementor-widget-container\">\n\t\t\t\t\t\t\t\t\t<p><span style=\"color: #999999;\">WhatsApp:<\/span> \u00a0<a href=\"https:\/\/wa.me\/+66996162047\"><span style=\"color: #ec927e;\">+66 996 162 047<\/span><\/a><\/p><p><span style=\"color: #999999;\">Mail:\u00a0<\/span> <a href=\"mailto:info@elnortedetailandia.com\"><span style=\"color: #123a32;\">info@elnortedetailandia.com<\/span><\/a><\/p>\t\t\t\t\t\t\t\t<\/div>\n\t\t\t\t<\/div>\n\t\t<div class=\"elementor-element elementor-element-7d9ba541 e-flex e-con-boxed e-con e-child\" data-id=\"7d9ba541\" data-element_type=\"container\" data-e-type=\"container\">\n\t\t\t\t\t<div class=\"e-con-inner\">\n\t\t\t\t<div class=\"elementor-element elementor-element-5ec28137 elementor-widget__width-initial elementor-widget elementor-widget-image\" data-id=\"5ec28137\" data-element_type=\"widget\" data-e-type=\"widget\" data-widget_type=\"image.default\">\n\t\t\t\t<div class=\"elementor-widget-container\">\n\t\t\t\t\t\t\t\t\t\t\t\t\t\t\t\t<a href=\"#\">\n\t\t\t\t\t\t\t<img decoding=\"async\" src=\"https:\/\/solo-elementor.travelerwp.com\/wp-content\/uploads\/2023\/07\/fb.png\" title=\"\" alt=\"\" loading=\"lazy\" \/>\t\t\t\t\t\t\t\t<\/a>\n\t\t\t\t\t\t\t\t\t\t\t\t\t\t\t<\/div>\n\t\t\t\t<\/div>\n\t\t\t\t<div class=\"elementor-element elementor-element-5e0d9144 elementor-widget__width-initial elementor-widget elementor-widget-image\" data-id=\"5e0d9144\" data-element_type=\"widget\" data-e-type=\"widget\" data-widget_type=\"image.default\">\n\t\t\t\t<div class=\"elementor-widget-container\">\n\t\t\t\t\t\t\t\t\t\t\t\t\t\t\t\t<a href=\"#\">\n\t\t\t\t\t\t\t<img decoding=\"async\" src=\"https:\/\/solo-elementor.travelerwp.com\/wp-content\/uploads\/2023\/07\/insta.png\" title=\"\" alt=\"\" loading=\"lazy\" \/>\t\t\t\t\t\t\t\t<\/a>\n\t\t\t\t\t\t\t\t\t\t\t\t\t\t\t<\/div>\n\t\t\t\t<\/div>\n\t\t\t\t<div class=\"elementor-element elementor-element-610c232a elementor-widget__width-initial elementor-widget elementor-widget-image\" data-id=\"610c232a\" data-element_type=\"widget\" data-e-type=\"widget\" data-widget_type=\"image.default\">\n\t\t\t\t<div class=\"elementor-widget-container\">\n\t\t\t\t\t\t\t\t\t\t\t\t\t\t\t\t<a href=\"#\">\n\t\t\t\t\t\t\t<img decoding=\"async\" src=\"https:\/\/solo-elementor.travelerwp.com\/wp-content\/uploads\/2023\/07\/pin.png\" title=\"\" alt=\"\" loading=\"lazy\" \/>\t\t\t\t\t\t\t\t<\/a>\n\t\t\t\t\t\t\t\t\t\t\t\t\t\t\t<\/div>\n\t\t\t\t<\/div>\n\t\t\t\t<div class=\"elementor-element elementor-element-21fbe07 elementor-widget__width-initial elementor-widget elementor-widget-image\" data-id=\"21fbe07\" data-element_type=\"widget\" data-e-type=\"widget\" data-widget_type=\"image.default\">\n\t\t\t\t<div class=\"elementor-widget-container\">\n\t\t\t\t\t\t\t\t\t\t\t\t\t\t\t\t<a href=\"#\">\n\t\t\t\t\t\t\t<img decoding=\"async\" src=\"https:\/\/solo-elementor.travelerwp.com\/wp-content\/uploads\/2023\/07\/twitter.png\" title=\"\" alt=\"\" loading=\"lazy\" \/>\t\t\t\t\t\t\t\t<\/a>\n\t\t\t\t\t\t\t\t\t\t\t\t\t\t\t<\/div>\n\t\t\t\t<\/div>\n\t\t\t\t\t<\/div>\n\t\t\t\t<\/div>\n\t\t\t\t<\/div>\n\t\t<div class=\"elementor-element elementor-element-1dc1e9af e-con-full e-flex e-con e-child\" data-id=\"1dc1e9af\" data-element_type=\"container\" data-e-type=\"container\">\n\t\t\t\t<div class=\"elementor-element elementor-element-3a33965a st-contact--form elementor-widget elementor-widget-shortcode\" data-id=\"3a33965a\" data-element_type=\"widget\" data-e-type=\"widget\" data-widget_type=\"shortcode.default\">\n\t\t\t\t<div class=\"elementor-widget-container\">\n\t\t\t\t\t\t\t<div class=\"elementor-shortcode\">\n<div class=\"wpcf7 no-js\" id=\"wpcf7-f8405-o1\" lang=\"en-US\" dir=\"ltr\" data-wpcf7-id=\"8405\">\n<div class=\"screen-reader-response\"><p role=\"status\" aria-live=\"polite\" aria-atomic=\"true\"><\/p> <ul><\/ul><\/div>\n<form action=\"\/index.php?rest_route=%2Fwp%2Fv2%2Fpages%2F8088#wpcf7-f8405-o1\" method=\"post\" class=\"wpcf7-form init\" aria-label=\"Contact form\" novalidate=\"novalidate\" data-status=\"init\">\n<fieldset class=\"hidden-fields-container\"><input type=\"hidden\" name=\"_wpcf7\" value=\"8405\" \/><input type=\"hidden\" name=\"_wpcf7_version\" value=\"6.1.5\" \/><input type=\"hidden\" name=\"_wpcf7_locale\" value=\"en_US\" \/><input type=\"hidden\" name=\"_wpcf7_unit_tag\" value=\"wpcf7-f8405-o1\" \/><input type=\"hidden\" name=\"_wpcf7_container_post\" value=\"0\" \/><input type=\"hidden\" name=\"_wpcf7_posted_data_hash\" value=\"\" \/>\n<\/fieldset>\n<div class=\"wpcf7-turnstile cf-turnstile\" data-sitekey=\"0x4AAAAAACrXdcfnASUmfDQC\" data-response-field-name=\"_wpcf7_turnstile_response\"><\/div>\n\n<div class=\"st-contact--form\">\n\t<p>Contacto\n\t<\/p>\n\t<p><span class=\"wpcf7-form-control-wrap\" data-name=\"your-name\"><input size=\"40\" maxlength=\"400\" class=\"wpcf7-form-control wpcf7-text wpcf7-validates-as-required your-name\" aria-required=\"true\" aria-invalid=\"false\" placeholder=\"Nombre*\" value=\"\" type=\"text\" name=\"your-name\" \/><\/span><br \/>\n<span class=\"wpcf7-form-control-wrap\" data-name=\"your-email\"><input size=\"40\" maxlength=\"400\" class=\"wpcf7-form-control wpcf7-email wpcf7-validates-as-required wpcf7-text wpcf7-validates-as-email your-email\" aria-required=\"true\" aria-invalid=\"false\" placeholder=\"Direcci\u00f3n email*\" value=\"\" type=\"email\" name=\"your-email\" \/><\/span><br \/>\n<span class=\"wpcf7-form-control-wrap\" data-name=\"your-message\"><textarea cols=\"40\" rows=\"10\" maxlength=\"2000\" class=\"wpcf7-form-control wpcf7-textarea wpcf7-validates-as-required your-message\" aria-required=\"true\" aria-invalid=\"false\" placeholder=\"Mensaje*\" name=\"your-message\"><\/textarea><\/span>\n\t<\/p>\n\t<p><input class=\"wpcf7-form-control wpcf7-submit has-spinner\" type=\"submit\" value=\"Enviar\" \/>\n\t<\/p>\n<\/div><div class=\"wpcf7-response-output\" aria-hidden=\"true\"><\/div>\n<\/form>\n<\/div>\n<\/div>\n\t\t\t\t\t\t<\/div>\n\t\t\t\t<\/div>\n\t\t\t\t<\/div>\n\t\t\t\t\t<\/div>\n\t\t\t\t<\/div>\n\t\t\t\t<\/div>\n\t\t","protected":false},"excerpt":{"rendered":"<p>**Si tienes alguna consulta o deseas m\u00e1s informaci\u00f3n sobre cualquiera de nuestros tours, utiliza el formulario de contacto a continuaci\u00f3n. \u00a1Te responderemos en un plazo de 24 horas! \ud83c\udf34 WhatsApp: \u00a0+66 996 162 047 Mail:\u00a0 info@elnortedetailandia.com<\/p>\n","protected":false},"author":1007,"featured_media":8404,"parent":0,"menu_order":0,"comment_status":"closed","ping_status":"closed","template":"","meta":{"footnotes":""},"class_list":["post-8088","page","type-page","status-publish","has-post-thumbnail","hentry"],"_links":{"self":[{"href":"https:\/\/elnortedetailandia.com\/index.php?rest_route=\/wp\/v2\/pages\/8088","targetHints":{"allow":["GET"]}}],"collection":[{"href":"https:\/\/elnortedetailandia.com\/index.php?rest_route=\/wp\/v2\/pages"}],"about":[{"href":"https:\/\/elnortedetailandia.com\/index.php?rest_route=\/wp\/v2\/types\/page"}],"author":[{"embeddable":true,"href":"https:\/\/elnortedetailandia.com\/index.php?rest_route=\/wp\/v2\/users\/1007"}],"replies":[{"embeddable":true,"href":"https:\/\/elnortedetailandia.com\/index.php?rest_route=%2Fwp%2Fv2%2Fcomments&post=8088"}],"version-history":[{"count":4,"href":"https:\/\/elnortedetailandia.com\/index.php?rest_route=\/wp\/v2\/pages\/8088\/revisions"}],"predecessor-version":[{"id":11509,"href":"https:\/\/elnortedetailandia.com\/index.php?rest_route=\/wp\/v2\/pages\/8088\/revisions\/11509"}],"wp:featuredmedia":[{"embeddable":true,"href":"https:\/\/elnortedetailandia.com\/index.php?rest_route=\/"}],"wp:attachment":[{"href":"https:\/\/elnortedetailandia.com\/index.php?rest_route=%2Fwp%2Fv2%2Fmedia&parent=8088"}],"curies":[{"name":"wp","href":"https:\/\/api.w.org\/{rel}","templated":true}]}}